{"id":63,"date":"2024-03-30T22:26:33","date_gmt":"2024-03-30T21:26:33","guid":{"rendered":"https:\/\/einfachrechnungswesen.at\/?page_id=63"},"modified":"2026-04-01T01:56:40","modified_gmt":"2026-03-31T23:56:40","slug":"coming-soon","status":"publish","type":"page","link":"https:\/\/einfachrechnungswesen.at\/?page_id=63","title":{"rendered":"Coming Soon"},"content":{"rendered":"<p><span style=\"width: 100%;\"><img decoding=\"async\" alt=\"\" width=\"120\" height=\"20\" title=\"Einfach Rechnungswese_weiss_2\" data-id=\"113\" src=\"https:\/\/einfachrechnungswesen.at\/wp-content\/uploads\/2024\/03\/Einfach-Rechnungswese_weiss_2.png\" style=\"aspect-ratio: auto 2439 \/ 413;\" data-width=\"120\" data-height=\"20\" data-init-width=\"2439\" data-init-height=\"413\" loading=\"lazy\"><\/span><\/p>\n<p style=\"\"><strong>Our site is launching <span style=\"color: rgb(255, 255, 255);\">soon<\/span><\/strong><\/p>\n<p><span><img decoding=\"async\" alt=\"\" data-id=\"113\" width=\"1555\" data-init-width=\"2439\" height=\"263\" data-init-height=\"413\" title=\"Einfach Rechnungswese_weiss_2\" src=\"https:\/\/einfachrechnungswesen.at\/wp-content\/uploads\/2024\/03\/Einfach-Rechnungswese_weiss_2.png\" data-width=\"1555\" data-height=\"263\" style=\"aspect-ratio: auto 2439 \/ 413;\" loading=\"lazy\"><\/span><\/p>\n<p>Hier entsteht ein Onlinekurs f\u00fcr alle die Rechnungswesen endlich verstehen und nicht nur lernen m\u00f6chten. Egal ob HAK, HAS, HBLA, HLW&#8230; Alle Nichtbuchhalter finden hier bald einfache und verst\u00e4ndliche Anleitungen um erfolgreich ihre Buchungss\u00e4tze zu bauen.<\/p>\n<h3 style=\"font-size: 24px !important;\"><\/h3>\n<p>Trage dich ein um benachrichtigt zu werden sobald es los geht&#8230;<\/p>\n","protected":false},"excerpt":{"rendered":"<p>Our site is launching soon Hier entsteht ein Onlinekurs f\u00fcr alle die Rechnungswesen endlich verstehen und nicht nur lernen m\u00f6chten. Egal ob HAK, HAS, HBLA, HLW&#8230; Alle Nichtbuchhalter finden hier bald einfache und verst\u00e4ndliche Anleitungen um erfolgreich ihre Buchungss\u00e4tze zu bauen. Trage dich ein um benachrichtigt zu werden sobald es los geht&#8230;<\/p>\n","protected":false},"author":1,"featured_media":0,"parent":0,"menu_order":0,"comment_status":"closed","ping_status":"closed","template":"","meta":{"_monsterinsights_skip_tracking":false,"_monsterinsights_sitenote_active":false,"_monsterinsights_sitenote_note":"","_monsterinsights_sitenote_category":0,"footnotes":""},"class_list":["post-63","page","type-page","status-publish","hentry","post-wrapper","thrv_wrapper"],"_links":{"self":[{"href":"https:\/\/einfachrechnungswesen.at\/index.php?rest_route=\/wp\/v2\/pages\/63","targetHints":{"allow":["GET"]}}],"collection":[{"href":"https:\/\/einfachrechnungswesen.at\/index.php?rest_route=\/wp\/v2\/pages"}],"about":[{"href":"https:\/\/einfachrechnungswesen.at\/index.php?rest_route=\/wp\/v2\/types\/page"}],"author":[{"embeddable":true,"href":"https:\/\/einfachrechnungswesen.at\/index.php?rest_route=\/wp\/v2\/users\/1"}],"replies":[{"embeddable":true,"href":"https:\/\/einfachrechnungswesen.at\/index.php?rest_route=%2Fwp%2Fv2%2Fcomments&post=63"}],"version-history":[{"count":14,"href":"https:\/\/einfachrechnungswesen.at\/index.php?rest_route=\/wp\/v2\/pages\/63\/revisions"}],"predecessor-version":[{"id":201,"href":"https:\/\/einfachrechnungswesen.at\/index.php?rest_route=\/wp\/v2\/pages\/63\/revisions\/201"}],"wp:attachment":[{"href":"https:\/\/einfachrechnungswesen.at\/index.php?rest_route=%2Fwp%2Fv2%2Fmedia&parent=63"}],"curies":[{"name":"wp","href":"https:\/\/api.w.org\/{rel}","templated":true}]}}